{"id":3,"date":"2025-01-29T13:33:44","date_gmt":"2025-01-29T13:33:44","guid":{"rendered":"https:\/\/lockoutgame.fr\/?page_id=3"},"modified":"2025-02-10T11:03:43","modified_gmt":"2025-02-10T11:03:43","slug":"privacy-policy","status":"publish","type":"page","link":"https:\/\/lockoutgame.fr\/en\/privacy-policy\/","title":{"rendered":"Mention l\u00e9gale"},"content":{"rendered":"<h1 class=\"wp-block-heading\">MENTIONS L\u00c9GALES<\/h1>\n\n\n\n<h2 class=\"wp-block-heading\">\u00c9diteur du site internet<\/h2>\n\n\n\n<p><strong>Raison sociale\u00a0:<\/strong> SARL EandGo Development<br><strong>Si\u00e8ge social : <\/strong>278 chemin de bellegarde 84800 Saumane de Vaucluse<br><strong>Adresse e-mail :<\/strong> contact@lockoutgame.fr<\/p>\n\n\n\n<p>Siret: 93795895700014<br><strong>Directeur de publication<\/strong>\u00a0: M. Tom Rouvier<br><strong>TVA intracommunautaire<\/strong> : FR03937958957<\/p>\n\n\n\n<p><\/p>\n\n\n\n<h2 class=\"wp-block-heading\">Cr\u00e9ation et h\u00e9bergement<\/h2>\n\n\n\n<p><strong>Conception<\/strong> : Eandgo-development.com<br><strong>H\u00e9bergement du site<\/strong> : o2switch<br><strong>Adresse postale de l\u2019h\u00e9bergeur<\/strong> : <strong>o2switch<\/strong><br>222-224 Boulevard Gustave Flaubert<br>63000 Clermont-Ferrand<br>https:\/\/www.o2switch.fr<\/p>\n\n\n\n<p>L\u2019internaute s\u2019engage d\u2019ores et d\u00e9j\u00e0 \u00e0 faire des informations contenues sur le Site un usage personnel et non commercial. En cas de non-respect des pr\u00e9sentes dispositions, par l\u2019internaute, sa responsabilit\u00e9 civile et\/ou p\u00e9nale pourrai(en)t se voir engag\u00e9e(s).<\/p>\n\n\n\n<h2 class=\"wp-block-heading\"><strong>Qui sommes-nous ?<\/strong><\/h2>\n\n\n\n<p>L&rsquo;adresse de notre site web est : <a href=\"https:\/\/lockoutgame.fr\/en\/\">https:\/\/lockoutgame.fr<\/a>.<\/p>\n\n\n\n<h2 class=\"wp-block-heading\"><strong>Commentaires<\/strong><\/h2>\n\n\n\n<p>Lorsque les visiteurs laissent un commentaire sur notre site, nous collectons les donn\u00e9es saisies dans le formulaire de commentaire, ainsi que l&rsquo;adresse IP du visiteur et l\u2019agent utilisateur du navigateur, afin de d\u00e9tecter les spams.<\/p>\n\n\n\n<p>Une cha\u00eene anonymis\u00e9e (hash) cr\u00e9\u00e9e \u00e0 partir de votre adresse e-mail peut \u00eatre envoy\u00e9e au service Gravatar pour v\u00e9rifier si vous l\u2019utilisez. La politique de confidentialit\u00e9 de Gravatar est disponible ici : <a href=\"https:\/\/automattic.com\/privacy\/\">https:\/\/automattic.com\/privacy\/<\/a>. Une fois votre commentaire approuv\u00e9, votre photo de profil sera visible publiquement \u00e0 c\u00f4t\u00e9 de votre commentaire.<\/p>\n\n\n\n<h2 class=\"wp-block-heading\">H\u00e9berger<\/h2>\n\n\n\n<p>le site est h\u00e9berg\u00e9 chez O2switch. <\/p>\n\n\n\n<h2 class=\"wp-block-heading\"><strong>M\u00e9dias<\/strong><\/h2>\n\n\n\n<p>Si vous t\u00e9l\u00e9chargez des images sur notre site, \u00e9vitez d\u2019inclure des donn\u00e9es de localisation int\u00e9gr\u00e9es (EXIF GPS). Les visiteurs peuvent en effet t\u00e9l\u00e9charger et extraire ces donn\u00e9es \u00e0 partir des images pr\u00e9sentes sur le site.<\/p>\n\n\n\n<h2 class=\"wp-block-heading\"><strong>Cookies<\/strong><\/h2>\n\n\n\n<p>Si vous laissez un commentaire sur notre site, vous pouvez choisir d&rsquo;enregistrer votre nom, votre adresse e-mail et votre site web dans des cookies. Cela est fait pour votre confort, afin que vous n\u2019ayez pas \u00e0 ressaisir ces informations lors de vos prochains commentaires. Ces cookies expirent au bout d\u2019un an.<\/p>\n\n\n\n<p>Si vous visitez notre page de connexion, un cookie temporaire sera cr\u00e9\u00e9 pour v\u00e9rifier si votre navigateur accepte les cookies. Ce cookie ne contient aucune donn\u00e9e personnelle et est supprim\u00e9 lorsque vous fermez votre navigateur.<\/p>\n\n\n\n<p>Lorsque vous vous connectez, plusieurs cookies sont configur\u00e9s pour enregistrer vos informations de connexion et vos pr\u00e9f\u00e9rences d\u2019affichage. Les cookies de connexion sont conserv\u00e9s pendant deux jours, tandis que les cookies li\u00e9s aux options d\u2019affichage sont conserv\u00e9s pendant un an. Si vous cochez \u00ab\u00a0Se souvenir de moi\u00a0\u00bb, votre connexion restera active pendant deux semaines. Si vous vous d\u00e9connectez, les cookies de connexion seront supprim\u00e9s.<\/p>\n\n\n\n<p>Si vous modifiez ou publiez un article, un cookie suppl\u00e9mentaire sera enregistr\u00e9 dans votre navigateur. Ce cookie ne contient aucune donn\u00e9e personnelle et indique simplement l\u2019ID de l\u2019article que vous venez de modifier. Il expire apr\u00e8s un jour.<\/p>\n\n\n\n<h2 class=\"wp-block-heading\"><strong>Contenu embarqu\u00e9 depuis d&rsquo;autres sites<\/strong><\/h2>\n\n\n\n<p>Les articles de ce site peuvent inclure du contenu int\u00e9gr\u00e9 (par exemple, des vid\u00e9os, images, articles, etc.). Le contenu int\u00e9gr\u00e9 depuis d&rsquo;autres sites fonctionne exactement comme si le visiteur se rendait directement sur ces sites tiers.<\/p>\n\n\n\n<p>Ces sites peuvent collecter des donn\u00e9es sur vous, utiliser des cookies, embarquer des outils de suivi tiers et surveiller vos interactions avec ce contenu, y compris si vous poss\u00e9dez un compte et \u00eates connect\u00e9 \u00e0 ces sites.<\/p>\n\n\n\n<h2 class=\"wp-block-heading\"><strong>Avec qui partageons-nous vos donn\u00e9es ?<\/strong><\/h2>\n\n\n\n<p>Si vous demandez une r\u00e9initialisation de mot de passe, votre adresse IP sera incluse dans l&rsquo;e-mail de r\u00e9initialisation.<\/p>\n\n\n\n<h2 class=\"wp-block-heading\"><strong>Dur\u00e9e de conservation de vos donn\u00e9es<\/strong><\/h2>\n\n\n\n<p>Si vous laissez un commentaire, celui-ci et ses m\u00e9tadonn\u00e9es sont conserv\u00e9s ind\u00e9finiment. Cela nous permet de reconna\u00eetre et d\u2019approuver automatiquement vos commentaires suivants au lieu de les laisser en attente de mod\u00e9ration.<\/p>\n\n\n\n<p>Pour les utilisateurs qui s&rsquo;inscrivent sur notre site (le cas \u00e9ch\u00e9ant), nous stockons \u00e9galement les informations personnelles qu&rsquo;ils fournissent dans leur profil utilisateur. Tous les utilisateurs peuvent voir, modifier ou supprimer leurs informations personnelles \u00e0 tout moment (\u00e0 l\u2019exception de leur nom d\u2019utilisateur). Les administrateurs du site peuvent \u00e9galement voir et modifier ces informations.<\/p>\n\n\n\n<h2 class=\"wp-block-heading\"><strong>Quels sont vos droits sur vos donn\u00e9es ?<\/strong><\/h2>\n\n\n\n<p>Si vous poss\u00e9dez un compte sur ce site ou avez laiss\u00e9 des commentaires, vous pouvez demander \u00e0 recevoir un fichier contenant toutes les donn\u00e9es personnelles que nous d\u00e9tenons \u00e0 votre sujet, y compris celles que vous nous avez fournies. Vous pouvez \u00e9galement demander la suppression de vos donn\u00e9es personnelles. Cela n\u2019inclut pas les donn\u00e9es que nous sommes tenus de conserver pour des raisons administratives, l\u00e9gales ou de s\u00e9curit\u00e9.<\/p>\n\n\n\n<h2 class=\"wp-block-heading\"><strong>O\u00f9 vos donn\u00e9es sont-elles envoy\u00e9es ?<\/strong><\/h2>\n\n\n\n<p>Les commentaires des visiteurs peuvent \u00eatre v\u00e9rifi\u00e9s \u00e0 l\u2019aide d\u2019un service automatis\u00e9 de d\u00e9tection des spams<\/p>","protected":false},"excerpt":{"rendered":"<p>MENTIONS L\u00c9GALES \u00c9diteur du site internet Raison sociale\u00a0: SARL EandGo DevelopmentSi\u00e8ge social : 278 chemin de bellegarde 84800 Saumane de VaucluseAdresse e-mail : contact@lockoutgame.fr Siret: 93795895700014Directeur de publication\u00a0: M. Tom RouvierTVA intracommunautaire : FR03937958957 Cr\u00e9ation et h\u00e9bergement Conception : Eandgo-development.comH\u00e9bergement du site : o2switchAdresse postale de l\u2019h\u00e9bergeur : o2switch222-224 Boulevard Gustave Flaubert63000 Clermont-Ferrandhttps:\/\/www.o2switch.fr L\u2019internaute s\u2019engage [&hellip;]<\/p>","protected":false},"author":1,"featured_media":0,"parent":0,"menu_order":0,"comment_status":"closed","ping_status":"closed","template":"","meta":{"_et_pb_use_builder":"","_et_pb_old_content":"","_et_gb_content_width":"","footnotes":""},"class_list":["post-3","page","type-page","status-publish","hentry"],"yoast_head":"<!-- This site is optimized with the Yoast SEO plugin v26.6 - https:\/\/yoast.com\/wordpress\/plugins\/seo\/ -->\n<title>Mention l\u00e9gale - Lockoutgame<\/title>\n<meta name=\"robots\" content=\"index, follow, max-snippet:-1, max-image-preview:large, max-video-preview:-1\" \/>\n<link rel=\"canonical\" href=\"https:\/\/lockoutgame.fr\/en\/privacy-policy\/\" \/>\n<meta property=\"og:locale\" content=\"en_GB\" \/>\n<meta property=\"og:type\" content=\"article\" \/>\n<meta property=\"og:title\" content=\"Mention l\u00e9gale - Lockoutgame\" \/>\n<meta property=\"og:description\" content=\"MENTIONS L\u00c9GALES \u00c9diteur du site internet Raison sociale\u00a0: SARL EandGo DevelopmentSi\u00e8ge social : 278 chemin de bellegarde 84800 Saumane de VaucluseAdresse e-mail : contact@lockoutgame.fr Siret: 93795895700014Directeur de publication\u00a0: M. Tom RouvierTVA intracommunautaire : FR03937958957 Cr\u00e9ation et h\u00e9bergement Conception : Eandgo-development.comH\u00e9bergement du site : o2switchAdresse postale de l\u2019h\u00e9bergeur : o2switch222-224 Boulevard Gustave Flaubert63000 Clermont-Ferrandhttps:\/\/www.o2switch.fr L\u2019internaute s\u2019engage [&hellip;]\" \/>\n<meta property=\"og:url\" content=\"https:\/\/lockoutgame.fr\/en\/privacy-policy\/\" \/>\n<meta property=\"og:site_name\" content=\"Lockoutgame\" \/>\n<meta property=\"article:modified_time\" content=\"2025-02-10T11:03:43+00:00\" \/>\n<meta name=\"twitter:card\" content=\"summary_large_image\" \/>\n<meta name=\"twitter:label1\" content=\"Estimated reading time\" \/>\n\t<meta name=\"twitter:data1\" content=\"4 minutes\" \/>\n<script type=\"application\/ld+json\" class=\"yoast-schema-graph\">{\"@context\":\"https:\/\/schema.org\",\"@graph\":[{\"@type\":\"WebPage\",\"@id\":\"https:\/\/lockoutgame.fr\/privacy-policy\/\",\"url\":\"https:\/\/lockoutgame.fr\/privacy-policy\/\",\"name\":\"Mention l\u00e9gale - Lockoutgame\",\"isPartOf\":{\"@id\":\"https:\/\/lockoutgame.fr\/#website\"},\"datePublished\":\"2025-01-29T13:33:44+00:00\",\"dateModified\":\"2025-02-10T11:03:43+00:00\",\"breadcrumb\":{\"@id\":\"https:\/\/lockoutgame.fr\/privacy-policy\/#breadcrumb\"},\"inLanguage\":\"en-GB\",\"potentialAction\":[{\"@type\":\"ReadAction\",\"target\":[\"https:\/\/lockoutgame.fr\/privacy-policy\/\"]}]},{\"@type\":\"BreadcrumbList\",\"@id\":\"https:\/\/lockoutgame.fr\/privacy-policy\/#breadcrumb\",\"itemListElement\":[{\"@type\":\"ListItem\",\"position\":1,\"name\":\"Accueil\",\"item\":\"https:\/\/lockoutgame.fr\/\"},{\"@type\":\"ListItem\",\"position\":2,\"name\":\"Mention l\u00e9gale\"}]},{\"@type\":\"WebSite\",\"@id\":\"https:\/\/lockoutgame.fr\/#website\",\"url\":\"https:\/\/lockoutgame.fr\/\",\"name\":\"lockoutgame.fr\",\"description\":\"Actu du geek\",\"potentialAction\":[{\"@type\":\"SearchAction\",\"target\":{\"@type\":\"EntryPoint\",\"urlTemplate\":\"https:\/\/lockoutgame.fr\/?s={search_term_string}\"},\"query-input\":{\"@type\":\"PropertyValueSpecification\",\"valueRequired\":true,\"valueName\":\"search_term_string\"}}],\"inLanguage\":\"en-GB\"}]}<\/script>\n<!-- \/ Yoast SEO plugin. -->","yoast_head_json":{"title":"Mention l\u00e9gale - Lockoutgame","robots":{"index":"index","follow":"follow","max-snippet":"max-snippet:-1","max-image-preview":"max-image-preview:large","max-video-preview":"max-video-preview:-1"},"canonical":"https:\/\/lockoutgame.fr\/en\/privacy-policy\/","og_locale":"en_GB","og_type":"article","og_title":"Mention l\u00e9gale - Lockoutgame","og_description":"MENTIONS L\u00c9GALES \u00c9diteur du site internet Raison sociale\u00a0: SARL EandGo DevelopmentSi\u00e8ge social : 278 chemin de bellegarde 84800 Saumane de VaucluseAdresse e-mail : contact@lockoutgame.fr Siret: 93795895700014Directeur de publication\u00a0: M. Tom RouvierTVA intracommunautaire : FR03937958957 Cr\u00e9ation et h\u00e9bergement Conception : Eandgo-development.comH\u00e9bergement du site : o2switchAdresse postale de l\u2019h\u00e9bergeur : o2switch222-224 Boulevard Gustave Flaubert63000 Clermont-Ferrandhttps:\/\/www.o2switch.fr L\u2019internaute s\u2019engage [&hellip;]","og_url":"https:\/\/lockoutgame.fr\/en\/privacy-policy\/","og_site_name":"Lockoutgame","article_modified_time":"2025-02-10T11:03:43+00:00","twitter_card":"summary_large_image","twitter_misc":{"Estimated reading time":"4 minutes"},"schema":{"@context":"https:\/\/schema.org","@graph":[{"@type":"WebPage","@id":"https:\/\/lockoutgame.fr\/privacy-policy\/","url":"https:\/\/lockoutgame.fr\/privacy-policy\/","name":"Mention l\u00e9gale - Lockoutgame","isPartOf":{"@id":"https:\/\/lockoutgame.fr\/#website"},"datePublished":"2025-01-29T13:33:44+00:00","dateModified":"2025-02-10T11:03:43+00:00","breadcrumb":{"@id":"https:\/\/lockoutgame.fr\/privacy-policy\/#breadcrumb"},"inLanguage":"en-GB","potentialAction":[{"@type":"ReadAction","target":["https:\/\/lockoutgame.fr\/privacy-policy\/"]}]},{"@type":"BreadcrumbList","@id":"https:\/\/lockoutgame.fr\/privacy-policy\/#breadcrumb","itemListElement":[{"@type":"ListItem","position":1,"name":"Accueil","item":"https:\/\/lockoutgame.fr\/"},{"@type":"ListItem","position":2,"name":"Mention l\u00e9gale"}]},{"@type":"WebSite","@id":"https:\/\/lockoutgame.fr\/#website","url":"https:\/\/lockoutgame.fr\/","name":"lockoutgame.fr","description":"Actu du geek","potentialAction":[{"@type":"SearchAction","target":{"@type":"EntryPoint","urlTemplate":"https:\/\/lockoutgame.fr\/?s={search_term_string}"},"query-input":{"@type":"PropertyValueSpecification","valueRequired":true,"valueName":"search_term_string"}}],"inLanguage":"en-GB"}]}},"_links":{"self":[{"href":"https:\/\/lockoutgame.fr\/en\/wp-json\/wp\/v2\/pages\/3","targetHints":{"allow":["GET"]}}],"collection":[{"href":"https:\/\/lockoutgame.fr\/en\/wp-json\/wp\/v2\/pages"}],"about":[{"href":"https:\/\/lockoutgame.fr\/en\/wp-json\/wp\/v2\/types\/page"}],"author":[{"embeddable":true,"href":"https:\/\/lockoutgame.fr\/en\/wp-json\/wp\/v2\/users\/1"}],"replies":[{"embeddable":true,"href":"https:\/\/lockoutgame.fr\/en\/wp-json\/wp\/v2\/comments?post=3"}],"version-history":[{"count":5,"href":"https:\/\/lockoutgame.fr\/en\/wp-json\/wp\/v2\/pages\/3\/revisions"}],"predecessor-version":[{"id":230,"href":"https:\/\/lockoutgame.fr\/en\/wp-json\/wp\/v2\/pages\/3\/revisions\/230"}],"wp:attachment":[{"href":"https:\/\/lockoutgame.fr\/en\/wp-json\/wp\/v2\/media?parent=3"}],"curies":[{"name":"wp","href":"https:\/\/api.w.org\/{rel}","templated":true}]}}